{"id":843,"date":"2018-10-08T13:30:20","date_gmt":"2018-10-08T04:30:20","guid":{"rendered":"http:\/\/web.tohoku.ac.jp\/modern-japan\/?page_id=843"},"modified":"2018-10-08T19:26:11","modified_gmt":"2018-10-08T10:26:11","slug":"klautau-miyamoto-shoson-to-nihon-bukkyo-2012","status":"publish","type":"page","link":"https:\/\/web.tohoku.ac.jp\/modern-japan\/klautau-miyamoto-shoson-to-nihon-bukkyo-2012\/","title":{"rendered":"\u30af\u30e9\u30a6\u30bf\u30a6\u300c\u5341\u4e94\u5e74\u6226\u4e89\u671f\u306b\u304a\u3051\u308b\u5bae\u672c\u6b63\u5c0a\u3068\u65e5\u672c\u4ecf\u6559\u300d\uff082012\u5e74\uff09"},"content":{"rendered":"<p>Klautau, Orion, \u201c<a href=\"http:\/\/web.tohoku.ac.jp\/modern-japan\/wp-content\/uploads\/Klautau_Miyamoto-Shoson-and-Japanese-Buddhism_2012.pdf\" target=\"_blank\" rel=\"noopener\">J\u016bgonen sens\u014dki ni okeru Miyamoto Sh\u014dson to Nihon Bukky\u014d<\/a> \u5341\u4e94\u5e74\u6226\u4e89\u671f\u306b\u304a\u3051\u308b\u5bae\u672c\u6b63\u5c0a\u3068\u65e5\u672c\u4ecf\u6559\u201d [Miyamoto Sh\u014dson and Japanese Buddhism dring the Fifteen-year War]. <em>Kindai Bukky\u014d<\/em> \u8fd1\u4ee3\u4ecf\u6559, 19, pp. 26-39, 2012.<\/p>\n<p><a href=\"http:\/\/web.tohoku.ac.jp\/modern-japan\/wp-content\/uploads\/Klautau_Miyamoto-Shoson-and-Japanese-Buddhism_2012.pdf\" target=\"_blank\" rel=\"noopener\">File Link<\/a> \/ <a href=\"http:\/\/web.tohoku.ac.jp\/modern-japan\/wp-content\/uploads\/Klautau_Miyamoto-Shoson-and-Japanese-Buddhism_2012.pdf\" target=\"_blank\" rel=\"noopener\">\u30a2\u30af\u30bb\u30b9\u5148<\/a><\/p>\n","protected":false},"excerpt":{"rendered":"<p>Klautau, Orion, \u201cJ\u016bgonen sens\u014dki ni okeru Miyamoto Sh\u014dson to Nihon Bukky\u014d \u5341\u4e94\u5e74\u6226\u4e89\u671f\u306b\u304a\u3051\u308b\u5bae\u672c\u6b63\u5c0a\u3068\u65e5\u672c\u4ecf\u6559\u201d [Miyamoto Sh\u014dson and Japanese Buddhism dring the Fifteen-year War]. Kindai Bukky\u014d \u8fd1\u4ee3\u4ecf\u6559, 19, pp. 26-39, 2012. File Link \/ \u30a2\u30af\u30bb\u30b9\u5148<\/p>\n","protected":false},"author":1,"featured_media":0,"parent":0,"menu_order":0,"comment_status":"closed","ping_status":"closed","template":"","meta":{"footnotes":""},"yst_prominent_words":[177],"class_list":["post-843","page","type-page","status-publish","hentry"],"_links":{"self":[{"href":"https:\/\/web.tohoku.ac.jp\/modern-japan\/wp-json\/wp\/v2\/pages\/843","targetHints":{"allow":["GET"]}}],"collection":[{"href":"https:\/\/web.tohoku.ac.jp\/modern-japan\/wp-json\/wp\/v2\/pages"}],"about":[{"href":"https:\/\/web.tohoku.ac.jp\/modern-japan\/wp-json\/wp\/v2\/types\/page"}],"author":[{"embeddable":true,"href":"https:\/\/web.tohoku.ac.jp\/modern-japan\/wp-json\/wp\/v2\/users\/1"}],"replies":[{"embeddable":true,"href":"https:\/\/web.tohoku.ac.jp\/modern-japan\/wp-json\/wp\/v2\/comments?post=843"}],"version-history":[{"count":2,"href":"https:\/\/web.tohoku.ac.jp\/modern-japan\/wp-json\/wp\/v2\/pages\/843\/revisions"}],"predecessor-version":[{"id":893,"href":"https:\/\/web.tohoku.ac.jp\/modern-japan\/wp-json\/wp\/v2\/pages\/843\/revisions\/893"}],"wp:attachment":[{"href":"https:\/\/web.tohoku.ac.jp\/modern-japan\/wp-json\/wp\/v2\/media?parent=843"}],"wp:term":[{"taxonomy":"yst_prominent_words","embeddable":true,"href":"https:\/\/web.tohoku.ac.jp\/modern-japan\/wp-json\/wp\/v2\/yst_prominent_words?post=843"}],"curies":[{"name":"wp","href":"https:\/\/api.w.org\/{rel}","templated":true}]}}