{"id":841,"date":"2018-10-08T13:30:27","date_gmt":"2018-10-08T04:30:27","guid":{"rendered":"http:\/\/web.tohoku.ac.jp\/modern-japan\/?page_id=841"},"modified":"2018-10-08T19:24:17","modified_gmt":"2018-10-08T10:24:17","slug":"klautau-between-essence-and-manifestation-2013","status":"publish","type":"page","link":"https:\/\/web.tohoku.ac.jp\/modern-japan\/klautau-between-essence-and-manifestation-2013\/","title":{"rendered":"Klautau, &#8220;Between Essence and Manifestation&#8221; (2013)"},"content":{"rendered":"<p>Klautau, Orion, \u201c<a href=\"http:\/\/web.tohoku.ac.jp\/modern-japan\/wp-content\/uploads\/Klautau_Between-Essence-and-Manifestation_2013.pdf\" target=\"_blank\" rel=\"noopener\">Between Essence and Manifestation: Sh\u014dtoku Taishi and Shinran during the Fifteen-year War (1931-1945)<\/a>.\u201d <em>2012 nendo kenky\u016b h\u014dkokusho<\/em> \u4e8c\u3007\u4e00\u4e8c\u5e74\u5ea6\u7814\u7a76\u5831\u544a\u66f8 [Research Report for the Fiscal Year 2012], edited by Ry\u016bkoku Daigaku Ajia Bukky\u014d Bunka Kenky\u016b Sent\u0101 \u9f8d\u8c37\u5927\u5b66\u30a2\u30b8\u30a2\u4ecf\u6559\u6587\u5316\u7814\u7a76\u30bb\u30f3\u30bf\u30fc, pp. 279-294, 2013.<\/p>\n<p><a href=\"http:\/\/web.tohoku.ac.jp\/modern-japan\/wp-content\/uploads\/Klautau_Between-Essence-and-Manifestation_2013.pdf\" target=\"_blank\" rel=\"noopener\">File Link<\/a> \/ <a href=\"http:\/\/web.tohoku.ac.jp\/modern-japan\/wp-content\/uploads\/Klautau_Between-Essence-and-Manifestation_2013.pdf\" target=\"_blank\" rel=\"noopener\">\u30a2\u30af\u30bb\u30b9\u5148<\/a><\/p>\n","protected":false},"excerpt":{"rendered":"<p>Klautau, Orion, \u201cBetween Essence and Manifestation: Sh\u014dtoku Taishi and Shinran during the Fifteen-year War (1931-1945).\u201d 2012 nendo kenky\u016b h\u014dkokusho \u4e8c\u3007\u4e00\u4e8c\u5e74\u5ea6\u7814\u7a76\u5831\u544a\u66f8 [Research Report for the Fiscal Year 2012], edited by Ry\u016bkoku Daigaku Ajia Bukky\u014d Bunka Kenky\u016b Sent\u0101 \u9f8d\u8c37\u5927\u5b66\u30a2\u30b8\u30a2\u4ecf\u6559\u6587\u5316\u7814\u7a76\u30bb\u30f3\u30bf\u30fc, pp. 279-294, 2013. &hellip; <a href=\"https:\/\/web.tohoku.ac.jp\/modern-japan\/klautau-between-essence-and-manifestation-2013\/\">Continue reading <span class=\"meta-nav\">&rarr;<\/span><\/a><\/p>\n","protected":false},"author":1,"featured_media":0,"parent":0,"menu_order":0,"comment_status":"closed","ping_status":"closed","template":"","meta":{"footnotes":""},"yst_prominent_words":[343,344],"class_list":["post-841","page","type-page","status-publish","hentry"],"_links":{"self":[{"href":"https:\/\/web.tohoku.ac.jp\/modern-japan\/wp-json\/wp\/v2\/pages\/841","targetHints":{"allow":["GET"]}}],"collection":[{"href":"https:\/\/web.tohoku.ac.jp\/modern-japan\/wp-json\/wp\/v2\/pages"}],"about":[{"href":"https:\/\/web.tohoku.ac.jp\/modern-japan\/wp-json\/wp\/v2\/types\/page"}],"author":[{"embeddable":true,"href":"https:\/\/web.tohoku.ac.jp\/modern-japan\/wp-json\/wp\/v2\/users\/1"}],"replies":[{"embeddable":true,"href":"https:\/\/web.tohoku.ac.jp\/modern-japan\/wp-json\/wp\/v2\/comments?post=841"}],"version-history":[{"count":2,"href":"https:\/\/web.tohoku.ac.jp\/modern-japan\/wp-json\/wp\/v2\/pages\/841\/revisions"}],"predecessor-version":[{"id":892,"href":"https:\/\/web.tohoku.ac.jp\/modern-japan\/wp-json\/wp\/v2\/pages\/841\/revisions\/892"}],"wp:attachment":[{"href":"https:\/\/web.tohoku.ac.jp\/modern-japan\/wp-json\/wp\/v2\/media?parent=841"}],"wp:term":[{"taxonomy":"yst_prominent_words","embeddable":true,"href":"https:\/\/web.tohoku.ac.jp\/modern-japan\/wp-json\/wp\/v2\/yst_prominent_words?post=841"}],"curies":[{"name":"wp","href":"https:\/\/api.w.org\/{rel}","templated":true}]}}