{"id":839,"date":"2018-10-08T13:30:13","date_gmt":"2018-10-08T04:30:13","guid":{"rendered":"http:\/\/web.tohoku.ac.jp\/modern-japan\/?page_id=839"},"modified":"2018-10-08T19:23:31","modified_gmt":"2018-10-08T10:23:31","slug":"klautau-bukkyo-no-katarikata-2014","status":"publish","type":"page","link":"https:\/\/web.tohoku.ac.jp\/modern-japan\/klautau-bukkyo-no-katarikata-2014\/","title":{"rendered":"\u30af\u30e9\u30a6\u30bf\u30a6\u300c\u8fd1\u4ee3\u65e5\u672c\u306e\u4ecf\u6559\u5b66\u306b\u304a\u3051\u308b\u2018\u4ecf\u6559 Buddhism\u2019 \u306e\u8a9e\u308a\u65b9\u300d\uff082014\u5e74\uff09"},"content":{"rendered":"<p>Klautau, Orion, \u201c<a href=\"http:\/\/web.tohoku.ac.jp\/modern-japan\/wp-content\/uploads\/Klautau_bukkyo-no-katarikata_2014.pdf\" target=\"_blank\" rel=\"noopener\">Kindai Nihon no bukky\u014dgaku ni okeru \u2018Bukky\u014d\/Buddhism\u2019 no katarikata<\/a> \u8fd1\u4ee3\u65e5\u672c\u306e\u4ecf\u6559\u5b66\u306b\u304a\u3051\u308b\u2018\u4ecf\u6559 Buddhism\u2019 \u306e\u8a9e\u308a\u65b9\u201d [The Discourse on \u2018Bukky\u014d\/Buddhism\u2019 and Buddhist Studies in Modern Japan], In <em>Budda no Henb\u014d: K\u014dsaku suru kindai bukky\u014d<\/em> \u30d6\u30c3\u30c0\u306e\u5909\u8c8c\u2014\u2014\u4ea4\u932f\u3059\u308b\u8fd1\u4ee3\u4ecf\u6559 [Transformations of the Buddha: Crisscrossing Streams of Modern Buddhism], ed. by Sueki Fumihiko \u672b\u6728\u6587\u7f8e\u58eb, Hayashi Makoto \u6797\u6df3, \u014ctani Eiichi \u5927\u8c37\u6804\u4e00 and Yoshinaga Shin\u2019ichi \u5409\u6c38\u9032\u4e00. Kyoto: H\u014dz\u014dkan, 2014, pp.68-86.<\/p>\n<p><a href=\"http:\/\/web.tohoku.ac.jp\/modern-japan\/wp-content\/uploads\/Klautau_bukkyo-no-katarikata_2014.pdf\" target=\"_blank\" rel=\"noopener\">File Link<\/a> \/ <a href=\"http:\/\/web.tohoku.ac.jp\/modern-japan\/wp-content\/uploads\/Klautau_bukkyo-no-katarikata_2014.pdf\" target=\"_blank\" rel=\"noopener\">\u30a2\u30af\u30bb\u30b9\u5148<\/a><\/p>\n","protected":false},"excerpt":{"rendered":"<p>Klautau, Orion, \u201cKindai Nihon no bukky\u014dgaku ni okeru \u2018Bukky\u014d\/Buddhism\u2019 no katarikata \u8fd1\u4ee3\u65e5\u672c\u306e\u4ecf\u6559\u5b66\u306b\u304a\u3051\u308b\u2018\u4ecf\u6559 Buddhism\u2019 \u306e\u8a9e\u308a\u65b9\u201d [The Discourse on \u2018Bukky\u014d\/Buddhism\u2019 and Buddhist Studies in Modern Japan], In Budda no Henb\u014d: K\u014dsaku suru kindai bukky\u014d \u30d6\u30c3\u30c0\u306e\u5909\u8c8c\u2014\u2014\u4ea4\u932f\u3059\u308b\u8fd1\u4ee3\u4ecf\u6559 [Transformations of the Buddha: Crisscrossing Streams of &hellip; <a href=\"https:\/\/web.tohoku.ac.jp\/modern-japan\/klautau-bukkyo-no-katarikata-2014\/\">Continue reading <span class=\"meta-nav\">&rarr;<\/span><\/a><\/p>\n","protected":false},"author":1,"featured_media":0,"parent":0,"menu_order":0,"comment_status":"closed","ping_status":"closed","template":"","meta":{"footnotes":""},"yst_prominent_words":[175,304,303,144],"class_list":["post-839","page","type-page","status-publish","hentry"],"_links":{"self":[{"href":"https:\/\/web.tohoku.ac.jp\/modern-japan\/wp-json\/wp\/v2\/pages\/839","targetHints":{"allow":["GET"]}}],"collection":[{"href":"https:\/\/web.tohoku.ac.jp\/modern-japan\/wp-json\/wp\/v2\/pages"}],"about":[{"href":"https:\/\/web.tohoku.ac.jp\/modern-japan\/wp-json\/wp\/v2\/types\/page"}],"author":[{"embeddable":true,"href":"https:\/\/web.tohoku.ac.jp\/modern-japan\/wp-json\/wp\/v2\/users\/1"}],"replies":[{"embeddable":true,"href":"https:\/\/web.tohoku.ac.jp\/modern-japan\/wp-json\/wp\/v2\/comments?post=839"}],"version-history":[{"count":2,"href":"https:\/\/web.tohoku.ac.jp\/modern-japan\/wp-json\/wp\/v2\/pages\/839\/revisions"}],"predecessor-version":[{"id":891,"href":"https:\/\/web.tohoku.ac.jp\/modern-japan\/wp-json\/wp\/v2\/pages\/839\/revisions\/891"}],"wp:attachment":[{"href":"https:\/\/web.tohoku.ac.jp\/modern-japan\/wp-json\/wp\/v2\/media?parent=839"}],"wp:term":[{"taxonomy":"yst_prominent_words","embeddable":true,"href":"https:\/\/web.tohoku.ac.jp\/modern-japan\/wp-json\/wp\/v2\/yst_prominent_words?post=839"}],"curies":[{"name":"wp","href":"https:\/\/api.w.org\/{rel}","templated":true}]}}