{"id":837,"date":"2018-10-08T13:30:17","date_gmt":"2018-10-08T04:30:17","guid":{"rendered":"http:\/\/web.tohoku.ac.jp\/modern-japan\/?page_id=837"},"modified":"2018-10-08T19:23:00","modified_gmt":"2018-10-08T10:23:00","slug":"klautau-shukyo-gainen-to-nihon-2014","status":"publish","type":"page","link":"https:\/\/web.tohoku.ac.jp\/modern-japan\/klautau-shukyo-gainen-to-nihon-2014\/","title":{"rendered":"\u30af\u30e9\u30a6\u30bf\u30a6\u300c\u5b97\u6559\u6982\u5ff5\u3068\u65e5\u672c\u300d\uff082014\u5e74\uff09"},"content":{"rendered":"<p>Klautau, Orion, \u201c<a href=\"http:\/\/web.tohoku.ac.jp\/modern-japan\/wp-content\/uploads\/Klautau_Shukyo-Gainen-to-Nihon_2014.pdf\" target=\"_blank\" rel=\"noopener\">Sh\u016bky\u014d Gainen to Nihon: Religion to no deai to dochaku shis\u014d no saihensei<\/a> \u5b97\u6559\u6982\u5ff5\u3068\u65e5\u672c\u2014\u2014Religion \u3068\u306e\u51fa\u4f1a\u3044\u3068\u571f\u7740\u601d\u60f3\u306e\u518d\u7de8\u6210\u201d [The Concept of Sh\u016bky\u014d and Japan: The Encounter with Religion and Rearrangement of Local Ideas] In <em>Shir\u012bzu nihonjin to sh\u016bky\u014d: kinsei kara kindai e<\/em> \u30b7\u30ea\u30fc\u30ba\u65e5\u672c\u4eba\u3068\u5b97\u6559\u2014\u2014\u8fd1\u4e16\u304b\u3089\u8fd1\u4ee3\u3078 [The Japanese and Religion Series: From the Early Modern to the Modern Era], vol. 2, edited by Shimazono Susumu \u5cf6\u8597\u9032, Takano Toshihiko \u9ad8\u57dc\u5229\u5f66, Hayashi Makoto \u6797\u6df3 and Wakao Masaki \u82e5\u5c3e\u653f\u5e0c. Tokyo: Shunj\u016bsha, 2014, pp.241-267.<\/p>\n<p><a href=\"http:\/\/web.tohoku.ac.jp\/modern-japan\/wp-content\/uploads\/Klautau_Shukyo-Gainen-to-Nihon_2014.pdf\" target=\"_blank\" rel=\"noopener\">File Link<\/a> \/ <a href=\"http:\/\/web.tohoku.ac.jp\/modern-japan\/wp-content\/uploads\/Klautau_Shukyo-Gainen-to-Nihon_2014.pdf\" target=\"_blank\" rel=\"noopener\">\u30a2\u30af\u30bb\u30b9\u5148<\/a><\/p>\n","protected":false},"excerpt":{"rendered":"<p>Klautau, Orion, \u201cSh\u016bky\u014d Gainen to Nihon: Religion to no deai to dochaku shis\u014d no saihensei \u5b97\u6559\u6982\u5ff5\u3068\u65e5\u672c\u2014\u2014Religion \u3068\u306e\u51fa\u4f1a\u3044\u3068\u571f\u7740\u601d\u60f3\u306e\u518d\u7de8\u6210\u201d [The Concept of Sh\u016bky\u014d and Japan: The Encounter with Religion and Rearrangement of Local Ideas] In Shir\u012bzu nihonjin to sh\u016bky\u014d: kinsei kara kindai &hellip; <a href=\"https:\/\/web.tohoku.ac.jp\/modern-japan\/klautau-shukyo-gainen-to-nihon-2014\/\">Continue reading <span class=\"meta-nav\">&rarr;<\/span><\/a><\/p>\n","protected":false},"author":1,"featured_media":0,"parent":0,"menu_order":0,"comment_status":"closed","ping_status":"closed","template":"","meta":{"footnotes":""},"yst_prominent_words":[144,150,302],"class_list":["post-837","page","type-page","status-publish","hentry"],"_links":{"self":[{"href":"https:\/\/web.tohoku.ac.jp\/modern-japan\/wp-json\/wp\/v2\/pages\/837","targetHints":{"allow":["GET"]}}],"collection":[{"href":"https:\/\/web.tohoku.ac.jp\/modern-japan\/wp-json\/wp\/v2\/pages"}],"about":[{"href":"https:\/\/web.tohoku.ac.jp\/modern-japan\/wp-json\/wp\/v2\/types\/page"}],"author":[{"embeddable":true,"href":"https:\/\/web.tohoku.ac.jp\/modern-japan\/wp-json\/wp\/v2\/users\/1"}],"replies":[{"embeddable":true,"href":"https:\/\/web.tohoku.ac.jp\/modern-japan\/wp-json\/wp\/v2\/comments?post=837"}],"version-history":[{"count":2,"href":"https:\/\/web.tohoku.ac.jp\/modern-japan\/wp-json\/wp\/v2\/pages\/837\/revisions"}],"predecessor-version":[{"id":890,"href":"https:\/\/web.tohoku.ac.jp\/modern-japan\/wp-json\/wp\/v2\/pages\/837\/revisions\/890"}],"wp:attachment":[{"href":"https:\/\/web.tohoku.ac.jp\/modern-japan\/wp-json\/wp\/v2\/media?parent=837"}],"wp:term":[{"taxonomy":"yst_prominent_words","embeddable":true,"href":"https:\/\/web.tohoku.ac.jp\/modern-japan\/wp-json\/wp\/v2\/yst_prominent_words?post=837"}],"curies":[{"name":"wp","href":"https:\/\/api.w.org\/{rel}","templated":true}]}}