{"id":833,"date":"2018-10-08T13:30:15","date_gmt":"2018-10-08T04:30:15","guid":{"rendered":"http:\/\/web.tohoku.ac.jp\/modern-japan\/?page_id=833"},"modified":"2018-10-08T19:21:33","modified_gmt":"2018-10-08T10:21:33","slug":"klautau-kindai-to-mirai-yogen-2015","status":"publish","type":"page","link":"https:\/\/web.tohoku.ac.jp\/modern-japan\/klautau-kindai-to-mirai-yogen-2015\/","title":{"rendered":"\u30af\u30e9\u30a6\u30bf\u30a6\u300c\u8fd1\u4ee3\u3068\u3008\u672a\u6765\u9810\u8a00\u3009\u300d\uff082015\u5e74\uff09"},"content":{"rendered":"<p>Klautau, Orion, \u201c<a href=\"http:\/\/web.tohoku.ac.jp\/modern-japan\/wp-content\/uploads\/Klautau_kindai-to-mirai-yogen_2015.pdf\" target=\"_blank\" rel=\"noopener\">Kindai to \u2018Mirai Yogen\u2019: Bukky\u014d no metsub\u014d o meguru 1880 nendai no ichi rons\u014d ni tsuite<\/a> \u8fd1\u4ee3\u3068\u3008\u672a\u6765\u9810\u8a00\u3009\u2014\u2014\u4ecf\u6559\u306e\u6ec5\u4ea1\u3092\u3081\u3050\u308b\u4e00\u516b\u516b\u3007\u5e74\u4ee3\u306e\u4e00\u8ad6\u4e89\u306b\u3064\u3044\u3066\u201d [Modernity and \u2018Prophecies\u2019: On an 1880s Dispute over the Collapse of Buddhism]. In <em>Kami to Hito to Shisha<\/em> \u30ab\u30df\u3068\u4eba\u3068\u6b7b\u8005 [Kamis, Humans, and the Dead], edited by T\u014dhoku Daigaku Daigakuin Bungaku Kenky\u016bka Nihon Shis\u014dshi Kenky\u016bshitsu \u6771\u5317\u5927\u5b66\u5927\u5b66\u9662\u6587\u5b66\u7814\u7a76\u79d1\u65e5\u672c\u601d\u60f3\u53f2\u7814\u7a76\u5ba4 and Togashi Susumu \u51a8\u6a2b\u9032. Tokyo: Iwata Shoin, 2015, pp.255-279.<\/p>\n<p><a href=\"http:\/\/web.tohoku.ac.jp\/modern-japan\/wp-content\/uploads\/Klautau_kindai-to-mirai-yogen_2015.pdf\" target=\"_blank\" rel=\"noopener\">File Link<\/a> \/ <a href=\"http:\/\/web.tohoku.ac.jp\/modern-japan\/wp-content\/uploads\/Klautau_kindai-to-mirai-yogen_2015.pdf\" target=\"_blank\" rel=\"noopener\">\u30a2\u30af\u30bb\u30b9\u5148<\/a><\/p>\n","protected":false},"excerpt":{"rendered":"<p>Klautau, Orion, \u201cKindai to \u2018Mirai Yogen\u2019: Bukky\u014d no metsub\u014d o meguru 1880 nendai no ichi rons\u014d ni tsuite \u8fd1\u4ee3\u3068\u3008\u672a\u6765\u9810\u8a00\u3009\u2014\u2014\u4ecf\u6559\u306e\u6ec5\u4ea1\u3092\u3081\u3050\u308b\u4e00\u516b\u516b\u3007\u5e74\u4ee3\u306e\u4e00\u8ad6\u4e89\u306b\u3064\u3044\u3066\u201d [Modernity and \u2018Prophecies\u2019: On an 1880s Dispute over the Collapse of Buddhism]. In Kami to Hito to Shisha \u30ab\u30df\u3068\u4eba\u3068\u6b7b\u8005 [Kamis, Humans, &hellip; <a href=\"https:\/\/web.tohoku.ac.jp\/modern-japan\/klautau-kindai-to-mirai-yogen-2015\/\">Continue reading <span class=\"meta-nav\">&rarr;<\/span><\/a><\/p>\n","protected":false},"author":1,"featured_media":0,"parent":0,"menu_order":0,"comment_status":"closed","ping_status":"closed","template":"","meta":{"footnotes":""},"yst_prominent_words":[],"class_list":["post-833","page","type-page","status-publish","hentry"],"_links":{"self":[{"href":"https:\/\/web.tohoku.ac.jp\/modern-japan\/wp-json\/wp\/v2\/pages\/833","targetHints":{"allow":["GET"]}}],"collection":[{"href":"https:\/\/web.tohoku.ac.jp\/modern-japan\/wp-json\/wp\/v2\/pages"}],"about":[{"href":"https:\/\/web.tohoku.ac.jp\/modern-japan\/wp-json\/wp\/v2\/types\/page"}],"author":[{"embeddable":true,"href":"https:\/\/web.tohoku.ac.jp\/modern-japan\/wp-json\/wp\/v2\/users\/1"}],"replies":[{"embeddable":true,"href":"https:\/\/web.tohoku.ac.jp\/modern-japan\/wp-json\/wp\/v2\/comments?post=833"}],"version-history":[{"count":2,"href":"https:\/\/web.tohoku.ac.jp\/modern-japan\/wp-json\/wp\/v2\/pages\/833\/revisions"}],"predecessor-version":[{"id":888,"href":"https:\/\/web.tohoku.ac.jp\/modern-japan\/wp-json\/wp\/v2\/pages\/833\/revisions\/888"}],"wp:attachment":[{"href":"https:\/\/web.tohoku.ac.jp\/modern-japan\/wp-json\/wp\/v2\/media?parent=833"}],"wp:term":[{"taxonomy":"yst_prominent_words","embeddable":true,"href":"https:\/\/web.tohoku.ac.jp\/modern-japan\/wp-json\/wp\/v2\/yst_prominent_words?post=833"}],"curies":[{"name":"wp","href":"https:\/\/api.w.org\/{rel}","templated":true}]}}