{"id":831,"date":"2018-10-08T13:34:39","date_gmt":"2018-10-08T04:34:39","guid":{"rendered":"http:\/\/web.tohoku.ac.jp\/modern-japan\/?page_id=831"},"modified":"2018-10-08T19:20:55","modified_gmt":"2018-10-08T10:20:55","slug":"klautau-murakami-sensho-no-hikaku-jigyo-2015","status":"publish","type":"page","link":"https:\/\/web.tohoku.ac.jp\/modern-japan\/klautau-murakami-sensho-no-hikaku-jigyo-2015\/","title":{"rendered":"\u30af\u30e9\u30a6\u30bf\u30a6\u300c\u6751\u4e0a\u5c02\u7cbe\u306e\u6bd4\u8f03\u4e8b\u696d\u300d\uff082015\u5e74\uff09"},"content":{"rendered":"<p>Klautau, Orion, \u201c<a href=\"http:\/\/web.tohoku.ac.jp\/modern-japan\/wp-content\/uploads\/Klautau_Murakami-Sensho-no-hikaku-jigyo_2015.pdf\" target=\"_blank\" rel=\"noopener\">Murakami Sensh\u014d no hikaku jigy\u014d: Kindai nihon bukky\u014d shis\u014d no keisei o meguru ichidanmen<\/a> \u6751\u4e0a\u5c02\u7cbe\u306e\u6bd4\u8f03\u4e8b\u696d\u2015\u2014\u8fd1\u4ee3\u65e5\u672c\u4ecf\u6559\u601d\u60f3\u306e\u5f62\u6210\u3092\u3081\u3050\u308b\u4e00\u65ad\u9762\u201d [Murakami Sensh\u014d\u2019s Comparative Enterprise: An Episode in the Formation of Modern Japanese Buddhist Thought]. In <em>Hikaku Shis\u014d kara mita nihon bukky\u014d<\/em> \u6bd4\u8f03\u601d\u60f3\u304b\u3089\u898b\u305f\u65e5\u672c\u4ecf\u6559 [Japanese Buddhism from the Perspective of Comparative Thought], edited by Sueki Fumihiko \u672b\u6728\u6587\u7f8e\u58eb. Tokyo: Sankib\u014d Busshorin, 2015, pp.179-199.<\/p>\n<p><a href=\"http:\/\/web.tohoku.ac.jp\/modern-japan\/wp-content\/uploads\/Klautau_Murakami-Sensho-no-hikaku-jigyo_2015.pdf\" target=\"_blank\" rel=\"noopener\">File Link<\/a> \/ <a href=\"http:\/\/web.tohoku.ac.jp\/modern-japan\/wp-content\/uploads\/Klautau_Murakami-Sensho-no-hikaku-jigyo_2015.pdf\" target=\"_blank\" rel=\"noopener\">\u30a2\u30af\u30bb\u30b9\u5148<\/a><\/p>\n","protected":false},"excerpt":{"rendered":"<p>Klautau, Orion, \u201cMurakami Sensh\u014d no hikaku jigy\u014d: Kindai nihon bukky\u014d shis\u014d no keisei o meguru ichidanmen \u6751\u4e0a\u5c02\u7cbe\u306e\u6bd4\u8f03\u4e8b\u696d\u2015\u2014\u8fd1\u4ee3\u65e5\u672c\u4ecf\u6559\u601d\u60f3\u306e\u5f62\u6210\u3092\u3081\u3050\u308b\u4e00\u65ad\u9762\u201d [Murakami Sensh\u014d\u2019s Comparative Enterprise: An Episode in the Formation of Modern Japanese Buddhist Thought]. In Hikaku Shis\u014d kara mita nihon bukky\u014d \u6bd4\u8f03\u601d\u60f3\u304b\u3089\u898b\u305f\u65e5\u672c\u4ecf\u6559 [Japanese &hellip; <a href=\"https:\/\/web.tohoku.ac.jp\/modern-japan\/klautau-murakami-sensho-no-hikaku-jigyo-2015\/\">Continue reading <span class=\"meta-nav\">&rarr;<\/span><\/a><\/p>\n","protected":false},"author":1,"featured_media":0,"parent":0,"menu_order":0,"comment_status":"closed","ping_status":"closed","template":"","meta":{"footnotes":""},"yst_prominent_words":[177,342,340,145,339,173,163,341,335],"class_list":["post-831","page","type-page","status-publish","hentry"],"_links":{"self":[{"href":"https:\/\/web.tohoku.ac.jp\/modern-japan\/wp-json\/wp\/v2\/pages\/831","targetHints":{"allow":["GET"]}}],"collection":[{"href":"https:\/\/web.tohoku.ac.jp\/modern-japan\/wp-json\/wp\/v2\/pages"}],"about":[{"href":"https:\/\/web.tohoku.ac.jp\/modern-japan\/wp-json\/wp\/v2\/types\/page"}],"author":[{"embeddable":true,"href":"https:\/\/web.tohoku.ac.jp\/modern-japan\/wp-json\/wp\/v2\/users\/1"}],"replies":[{"embeddable":true,"href":"https:\/\/web.tohoku.ac.jp\/modern-japan\/wp-json\/wp\/v2\/comments?post=831"}],"version-history":[{"count":2,"href":"https:\/\/web.tohoku.ac.jp\/modern-japan\/wp-json\/wp\/v2\/pages\/831\/revisions"}],"predecessor-version":[{"id":887,"href":"https:\/\/web.tohoku.ac.jp\/modern-japan\/wp-json\/wp\/v2\/pages\/831\/revisions\/887"}],"wp:attachment":[{"href":"https:\/\/web.tohoku.ac.jp\/modern-japan\/wp-json\/wp\/v2\/media?parent=831"}],"wp:term":[{"taxonomy":"yst_prominent_words","embeddable":true,"href":"https:\/\/web.tohoku.ac.jp\/modern-japan\/wp-json\/wp\/v2\/yst_prominent_words?post=831"}],"curies":[{"name":"wp","href":"https:\/\/api.w.org\/{rel}","templated":true}]}}